{"id":110,"date":"2021-10-30T10:14:27","date_gmt":"2021-10-30T08:14:27","guid":{"rendered":"https:\/\/kits.themecy.com\/memberships-3\/?page_id=110"},"modified":"2023-09-11T08:24:35","modified_gmt":"2023-09-11T06:24:35","slug":"cgv","status":"publish","type":"page","link":"https:\/\/xtssrl.be\/index.php\/cgv\/","title":{"rendered":"CGV"},"content":{"rendered":"\n<div class=\"wp-block-columns is-layout-flex wp-container-core-columns-is-layout-9d6595d7 wp-block-columns-is-layout-flex\">\n<div class=\"wp-block-column is-layout-flow wp-block-column-is-layout-flow\" style=\"flex-basis:100%\"><style>.kb-row-layout-id110_074fea-c4 > .kt-row-column-wrap{align-content:start;}:where(.kb-row-layout-id110_074fea-c4 > .kt-row-column-wrap) > .wp-block-kadence-column{justify-content:start;}.kb-row-layout-id110_074fea-c4 > .kt-row-column-wrap{column-gap:var(--global-kb-gap-md, 2rem);row-gap:var(--global-kb-gap-md, 2rem);max-width:500px;margin-left:auto;margin-right:auto;padding-top:200px;padding-right:0px;padding-bottom:120px;padding-left:0px;grid-template-columns:minmax(0, 1fr);}.kb-row-layout-id110_074fea-c4 > .kt-row-layout-overlay{opacity:0.20;background-image:url('http:\/\/xtssrl.be\/wp-content\/uploads\/2023\/09\/Untitled-design-8-1.jpg');background-size:cover;background-position:center center;background-attachment:scroll;background-repeat:no-repeat;}@media all and (max-width: 1024px){.kb-row-layout-id110_074fea-c4 > .kt-row-column-wrap{padding-top:120px;padding-right:20px;padding-bottom:120px;padding-left:20px;grid-template-columns:minmax(0, 1fr);}}@media all and (max-width: 767px){.kb-row-layout-id110_074fea-c4 > .kt-row-column-wrap{grid-template-columns:minmax(0, 1fr);}}<\/style><div class=\"kb-row-layout-wrap kb-row-layout-id110_074fea-c4 alignnone has-theme-palette9-background-color kt-row-has-bg wp-block-kadence-rowlayout\"><div class=\"kt-row-layout-overlay kt-row-overlay-normal\"><\/div><div class=\"kt-row-column-wrap kt-has-1-columns kt-row-layout-equal kt-tab-layout-inherit kt-mobile-layout-row kt-row-valign-top\">\n<style>.kadence-column110_e64f23-2f > .kt-inside-inner-col,.kadence-column110_e64f23-2f > .kt-inside-inner-col:before{border-top-left-radius:0px;border-top-right-radius:0px;border-bottom-right-radius:0px;border-bottom-left-radius:0px;}.kadence-column110_e64f23-2f > .kt-inside-inner-col:before{opacity:0.3;}.kadence-column110_e64f23-2f{position:relative;}<\/style>\n<div class=\"wp-block-kadence-column kadence-column110_e64f23-2f inner-column-1\"><div class=\"kt-inside-inner-col\"><style>.wp-block-kadence-advancedheading.kt-adv-heading110_d7d148-ff, .wp-block-kadence-advancedheading.kt-adv-heading110_d7d148-ff[data-kb-block=\"kb-adv-heading110_d7d148-ff\"]{margin-bottom:10px;text-align:center;font-style:normal;text-transform:capitalize;}.wp-block-kadence-advancedheading.kt-adv-heading110_d7d148-ff mark, .wp-block-kadence-advancedheading.kt-adv-heading110_d7d148-ff[data-kb-block=\"kb-adv-heading110_d7d148-ff\"] mark{font-style:normal;color:#f76a0c;padding-top:0px;padding-right:0px;padding-bottom:0px;padding-left:0px;}<\/style>\n<h1 class=\"kt-adv-heading110_d7d148-ff wp-block-kadence-advancedheading\" data-kb-block=\"kb-adv-heading110_d7d148-ff\">CGV<\/h1>\n\n\n<style>.wp-block-kadence-advancedheading.kt-adv-heading110_76833b-f3, .wp-block-kadence-advancedheading.kt-adv-heading110_76833b-f3[data-kb-block=\"kb-adv-heading110_76833b-f3\"]{text-align:center;font-style:normal;}.wp-block-kadence-advancedheading.kt-adv-heading110_76833b-f3 mark, .wp-block-kadence-advancedheading.kt-adv-heading110_76833b-f3[data-kb-block=\"kb-adv-heading110_76833b-f3\"] mark{font-style:normal;color:#f76a0c;padding-top:0px;padding-right:0px;padding-bottom:0px;padding-left:0px;}<\/style>\n<p class=\"kt-adv-heading110_76833b-f3 wp-block-kadence-advancedheading\" data-kb-block=\"kb-adv-heading110_76833b-f3\">Conditions g\u00e9n\u00e9rales de vente<\/p>\n<\/div><\/div>\n\n<\/div><\/div><\/div>\n<\/div>\n\n\n\n<p><strong>Article 1 \u2013 Application des conditions g\u00e9n\u00e9rales <\/strong><\/p>\n\n\n\n<p>Les pr\u00e9sentes conditions g\u00e9n\u00e9rales sont applicables \u00e0 toutes les activit\u00e9s de climatisation, de ventilation de chauffage et sanitaire de la SRL XTS. Les pr\u00e9sentes conditions g\u00e9n\u00e9rales sont \u00e9galement consultables sur le site internet www.srlxts.be<\/p>\n\n\n\n<p><strong>Article 2 : Champ contractuel <\/strong><\/p>\n\n\n\n<p>L\u2019acceptation de contracter avec la SRL XTS implique l\u2019adh\u00e9sion aux pr\u00e9sentes conditions g\u00e9n\u00e9rales de vente, lesquelles pr\u00e9valent sur toutes conditions d\u2019achat, sauf d\u00e9rogation \u00e9crite et expresse. Elles sont applicables \u00e0 tous les devis, factures et commandes ainsi qu\u2019\u00e0 tous les cocontractants, particuliers, professionnels, fournisseurs et sous-traitants. Le client renonce express\u00e9ment \u00e0 se pr\u00e9valoir de ses propres conditions g\u00e9n\u00e9rales ou de toutes autres, qu\u2019elles soient g\u00e9n\u00e9rales ou particuli\u00e8res. Les conditions ci-dessous sont r\u00e9put\u00e9es \u00eatre accept\u00e9es par le client qui reconnait en avoir pris connaissance. La signature du bon de commande ou du devis engage irr\u00e9vocablement le client et entra\u00eene son acceptation aux pr\u00e9sentes conditions g\u00e9n\u00e9rales.<\/p>\n\n\n\n<p><strong>Article 3 : Offres de prix \u2013 commandes <\/strong><\/p>\n\n\n\n<p>Les prix et conditions des offres sont sans engagement pour la SRL XTS. Toute commande ne lie la SRL XTS qu\u2019apr\u00e8s confirmation \u00e9crite de sa part. L\u2019envoi de la marchandise ou de la facture peut, le cas \u00e9ch\u00e9ant, remplacer l\u2019acceptation \u00e9crite de la SRL XTS.<\/p>\n\n\n\n<p>Article 4 \u2013 Devis Sauf dispositions contraires \u00e9crites express\u00e9ment pr\u00e9vues par la SRL XTS, les offres de prix ont une dur\u00e9e de validit\u00e9 d\u2019un mois \u00e0 dater du devis. Le devis ne pourra \u00eatre annul\u00e9 par le client que par lettre recommand\u00e9e end\u00e9ans les 8 jours apr\u00e8s signature de celui-ci, \u00e0 d\u00e9faut, une indemnit\u00e9 de r\u00e9siliation sera due \u00e0 la SRL XTS. Cette indemnit\u00e9 est fix\u00e9e forfaitairement \u00e0 20% du montant du devis hors TVA.<\/p>\n\n\n\n<p><strong>Article 5 \u2013 Livraison <\/strong><\/p>\n\n\n\n<p>La d\u00e9livrance des marchandises est r\u00e9put\u00e9e avoir \u00e9t\u00e9 effectu\u00e9e au si\u00e8ge de la soci\u00e9t\u00e9 soit par remise au client soit par simple avis de mise \u00e0 disposition. Toute commande doit \u00eatre enlev\u00e9e par l\u2019acheteur d\u00e8s que la SRL XTS lui aura signal\u00e9 la disponibilit\u00e9 du mat\u00e9riel except\u00e9 si un d\u00e9lai raisonnable a \u00e9t\u00e9 convenu entre les parties. \u00c0 d\u00e9faut d\u2019enl\u00e8vement dans un d\u00e9lai raisonnable et apr\u00e8s sommation de prendre livraison envoy\u00e9e par la SRL XTS, la SRL XTS se r\u00e9serve le droit d\u2019annuler la commande et de facturer au client l\u2019indemnit\u00e9 de r\u00e9siliation pr\u00e9vue \u00e0 l\u2019article 4 des pr\u00e9sentes conditions g\u00e9n\u00e9rales. Les frais d\u2019envois sont \u00e0 la charge du client sauf convention contraire. Les d\u00e9lais de livraison ne sont donn\u00e9s qu\u2019\u00e0 titre indicatif au client sans aucune obligation de r\u00e9sultat et sans garantie. Un retard dans la livraison ne peut pas donner lieu \u00e0 une quelconque r\u00e9duction du montant de la facture, dommages et int\u00e9r\u00eats ou r\u00e9siliation du contrat. En cas de livraison programm\u00e9e, l\u2019absence du client entra\u00eene un suppl\u00e9ment de d\u00e9placement. Le mat\u00e9riel est livr\u00e9 aux risques et p\u00e9rils exclusifs du client. Toute marchandise livr\u00e9e est sous la responsabilit\u00e9 du client, elle en reste n\u00e9anmoins la propri\u00e9t\u00e9 de la SRL XTS jusqu\u2019\u00e0 paiement complet de la facture.<\/p>\n\n\n\n<p><strong>Article 6 \u2013 Clause de r\u00e9serve de propri\u00e9t\u00e9<\/strong><\/p>\n\n\n\n<p> Les marchandises et accessoires livr\u00e9s restent la propri\u00e9t\u00e9 de la SRL XTS jusqu\u2019\u00e0 leur paiement int\u00e9gral (frais, int\u00e9r\u00eats et indemnit\u00e9 \u00e9ventuelle compris). La SRL XTS peut exiger la restitution de marchandise en cas de non-paiement des factures \u00e0 leur date d\u2019\u00e9ch\u00e9ance ou \u00e0 leur exigibilit\u00e9 imm\u00e9diate. Jusqu\u2019au paiement int\u00e9gral, la SRL XTS pourra en disposer librement et sans r\u00e9serve.<\/p>\n\n\n\n<p><strong>Article 7 \u2013 R\u00e9clamations <\/strong><\/p>\n\n\n\n<p>Toutes les r\u00e9clamations concernant la qualit\u00e9 des marchandises doivent \u00eatre transmises end\u00e9ans les trois jours apr\u00e8s la livraison. Les r\u00e9clamations ne justifient en aucun cas le refus de paiement des factures. Le client doit s\u2019assurer de l\u2019int\u00e9gralit\u00e9 de sa commande et de tous les articles qui la composent \u00e0 la r\u00e9ception de celle-ci et en pr\u00e9sence de la personne qui effectue la livraison afin d\u2019\u00e9mettre une r\u00e9serve le cas \u00e9ch\u00e9ant. Dans l\u2019hypoth\u00e8se o\u00f9 le client a un quelconque doute de l\u2019\u00e9tat du contenu de la commande, il est tenu de refuser la marchandise \u00e0 la r\u00e9ception de celle-ci. Tout produit refus\u00e9 devra \u00eatre remis au transporteur dans son ensemble et son emballage d\u2019origine.<\/p>\n\n\n\n<p><strong>Article 8 \u2013 Conditions de paiement <\/strong><\/p>\n\n\n\n<p>Sauf indication contraire figurant sur la facture ou accord \u00e9crit particulier entre la SRL XTS et le client, les factures sont payables au grand comptant au si\u00e8ge de la soci\u00e9t\u00e9. Les sommes dues portent int\u00e9r\u00eat conventionnel, de plein droit et sans mise en demeure, fix\u00e9 au taux de 10 % l\u2019an depuis l\u2019\u00e9ch\u00e9ance de la facture jusqu\u2019\u00e0 complet paiement. Les frais de mise en demeure envoy\u00e9e par l\u2019avocat de la SRL XTS et\/ou par l\u2019Huissier de Justice mandat\u00e9 par la SRL XTS sont enti\u00e8rement \u00e0 charge du client. Le montant principal de la facture est major\u00e9 de ces frais. \u00c0 d\u00e9faut de paiement dans les huit jours \u00e0 partir de l\u2019envoi d\u2019une mise en demeure de payer adress\u00e9e au client, le montant de la facture sera major\u00e9, de plein droit, outre les frais de mise en demeure, de la clause p\u00e9nale pr\u00e9vue en ex\u00e9cution des articles 1226 et suivants du code civil en tenant compte du bar\u00e8me arr\u00eat\u00e9 par la Cour d\u2019Appel de Li\u00e8ge (C.A. Li\u00e8ge, 14i\u00e8me ch.,, 10.10.2013, 2012\/RG\/277, 2012\/RG\/936) \u00e0 savoir : Si la SRL XTS accorde des d\u00e9lais de paiement, les sommes pay\u00e9es doivent \u00eatre effectivement cr\u00e9dit\u00e9es sur le compte financier de la SRL end\u00e9ans le d\u00e9lai fix\u00e9 faute de quoi le paiement sera consid\u00e9r\u00e9 comme tardif. Sauf convention \u00e9crite contraire, le client perd, \u00e0 chaque paiement tardif d\u2019une facture ou suite au nonrespect d\u2019une autre obligation quelconque, l\u2019avantage de tout d\u00e9lai accord\u00e9 et toutes les factures deviennent imm\u00e9diatement exigibles. Le client ne peut, sans l\u2019accord pr\u00e9alable de la SRL XTS, compenser des factures non pay\u00e9es de ce dernier par des montants que la SRL lui serait d\u00e9biteur pour quelques raisons.<\/p>\n\n\n\n<p><strong>Article 9 \u2013 Responsabilit\u00e9 de la SRL XTS <\/strong><\/p>\n\n\n\n<p>LA SRL XTS ne peut en aucun cas \u00eatre tenue responsable des dommages indirects tels que dommages aux personnes ou aux biens, perte de production, de profit de marchandises, ou de tous autres dommages de quelque nature qu\u2019ils soient qui pourraient survenir de d\u00e9fectuosit\u00e9 de la marchandise vendue quelle qu\u2019en soit la cause. Le client doit s\u2019adresser directement au producteur sur base de la loi du 25 f\u00e9vrier 1991 (loi relative \u00e0 la responsabilit\u00e9 du fait des produits d\u00e9fectueux). La SRL XTS d\u00e9cline toute responsabilit\u00e9 pour tous dommages directs ou indirects tels que repris \u00e0 l\u2019alin\u00e9a 1er du pr\u00e9sent article pouvant r\u00e9sulter d\u2019une quelconque intervention sur la marchandise.<\/p>\n\n\n\n<p><strong>Article 10 \u2013 Garantie <\/strong><\/p>\n\n\n\n<p>La SRL XTS garantit uniquement les travaux effectu\u00e9s par ses soins et n\u2019accorde pas plus de garantie sur les mat\u00e9riaux que celle accord\u00e9e par le fournisseur. Aucune garantie ne sera accord\u00e9e si le client a proc\u00e9d\u00e9 lui-m\u00eame ou \u00e0 l\u2019aide d\u2019un tiers \u00e0 une quelconque r\u00e9paration ou intervention sur les travaux effectu\u00e9s ou si le client a lui-m\u00eame fourni les mat\u00e9riaux utilis\u00e9s pour la r\u00e9alisation des travaux. La garantie sur le montage est de 1 an, les garanties sur le mat\u00e9riel sont uniquement celles du fournisseur et sont de maximum 2 ans.<\/p>\n\n\n\n<p><strong>Article 11 : Propri\u00e9t\u00e9 intellectuelle <\/strong><\/p>\n\n\n\n<p>Tous les dessins, plans et documentation g\u00e9n\u00e9ralement quelconque mis \u00e0 disposition par la SRL XTS sont sa propri\u00e9t\u00e9 exclusive et\/ou celle des fournisseurs. Toute reproduction, m\u00eame partielle, est interdite.<\/p>\n\n\n\n<p><strong>Article 12 \u2013 Comp\u00e9tences des Tribunaux <\/strong><\/p>\n\n\n\n<p>Toute contestation relative \u00e0 la validit\u00e9, l\u2019interpr\u00e9tation et\/ou l\u2019ex\u00e9cution d\u2019un contrat conclu avec la SRL XTS ou des pr\u00e9sentes conditions g\u00e9n\u00e9rales sera exclusivement soumise aux Cours et Tribunaux de Li\u00e8ge. Toute action en r\u00e9cup\u00e9ration de cr\u00e9ances sera poursuivie devant les Cours et Tribunaux de l\u2019Arrondissement judiciaire de Li\u00e8ge.<\/p>\n\n\n\n<p><strong>Article 13 \u2013 Droit applicable <\/strong><\/p>\n\n\n\n<p>Le contrat conclu avec la SRL XTS, les conditions g\u00e9n\u00e9rales et toute action en r\u00e9cup\u00e9ration de cr\u00e9ances sont exclusivement soumis au droit belge.<br><\/p>\n","protected":false},"excerpt":{"rendered":"<p>CGV Conditions g\u00e9n\u00e9rales de vente Article 1 \u2013 Application des conditions g\u00e9n\u00e9rales Les pr\u00e9sentes conditions g\u00e9n\u00e9rales sont applicables \u00e0 toutes les activit\u00e9s de climatisation, de ventilation de chauffage et sanitaire&#8230;<\/p>\n","protected":false},"author":1,"featured_media":681,"parent":0,"menu_order":0,"comment_status":"closed","ping_status":"closed","template":"","meta":{"_EventAllDay":false,"_EventTimezone":"","_EventStartDate":"","_EventEndDate":"","_EventStartDateUTC":"","_EventEndDateUTC":"","_EventShowMap":false,"_EventShowMapLink":false,"_EventURL":"","_EventCost":"","_EventCostDescription":"","_EventCurrencySymbol":"","_EventCurrencyCode":"","_EventCurrencyPosition":"","_EventDateTimeSeparator":"","_EventTimeRangeSeparator":"","_EventOrganizerID":[],"_EventVenueID":[],"_OrganizerEmail":"","_OrganizerPhone":"","_OrganizerWebsite":"","_VenueAddress":"","_VenueCity":"","_VenueCountry":"","_VenueProvince":"","_VenueState":"","_VenueZip":"","_VenuePhone":"","_VenueURL":"","_VenueStateProvince":"","_VenueLat":"","_VenueLng":"","_VenueShowMap":false,"_VenueShowMapLink":false,"_kad_post_transparent":"","_kad_post_title":"hide","_kad_post_layout":"fullwidth","_kad_post_sidebar_id":"","_kad_post_content_style":"unboxed","_kad_post_vertical_padding":"hide","_kad_post_feature":"hide","_kad_post_feature_position":"","_kad_post_header":false,"_kad_post_footer":false,"footnotes":""},"class_list":["post-110","page","type-page","status-publish","has-post-thumbnail","hentry"],"_links":{"self":[{"href":"https:\/\/xtssrl.be\/index.php\/wp-json\/wp\/v2\/pages\/110","targetHints":{"allow":["GET"]}}],"collection":[{"href":"https:\/\/xtssrl.be\/index.php\/wp-json\/wp\/v2\/pages"}],"about":[{"href":"https:\/\/xtssrl.be\/index.php\/wp-json\/wp\/v2\/types\/page"}],"author":[{"embeddable":true,"href":"https:\/\/xtssrl.be\/index.php\/wp-json\/wp\/v2\/users\/1"}],"replies":[{"embeddable":true,"href":"https:\/\/xtssrl.be\/index.php\/wp-json\/wp\/v2\/comments?post=110"}],"version-history":[{"count":4,"href":"https:\/\/xtssrl.be\/index.php\/wp-json\/wp\/v2\/pages\/110\/revisions"}],"predecessor-version":[{"id":1537,"href":"https:\/\/xtssrl.be\/index.php\/wp-json\/wp\/v2\/pages\/110\/revisions\/1537"}],"wp:featuredmedia":[{"embeddable":true,"href":"https:\/\/xtssrl.be\/index.php\/wp-json\/wp\/v2\/media\/681"}],"wp:attachment":[{"href":"https:\/\/xtssrl.be\/index.php\/wp-json\/wp\/v2\/media?parent=110"}],"curies":[{"name":"wp","href":"https:\/\/api.w.org\/{rel}","templated":true}]}}